{"id":216,"date":"2025-10-11T11:28:27","date_gmt":"2025-10-11T09:28:27","guid":{"rendered":"https:\/\/www.rj-avocat.com\/mentions-legales\/"},"modified":"2025-10-13T21:17:12","modified_gmt":"2025-10-13T19:17:12","slug":"mentions-legales","status":"publish","type":"page","link":"https:\/\/www.rj-avocat.com\/en\/mentions-legales\/","title":{"rendered":"Mentions l\u00e9gales"},"content":{"rendered":"\n<p>\u00c9diteur du site<\/p>\n\n<p>Ma\u00eetre Rapha\u00eblle JEANNEL<br\/>Avocate au Barreau de Paris<\/p>\n\n<p>42, rue de Lisbonne<br\/>75008 Paris<\/p>\n\n<p>T\u00e9l\u00e9phone <x id=\"gid_0\"><\/x><x id=\"gid_1\"><\/x> + 33 (0)6 68 26 79 23<br\/>Email <x id=\"gid_2\"><\/x><x id=\"gid_3\"><\/x> contact@rj-avocat.com<br\/>SIREN n\u00b0750 689 291<br\/>Num\u00e9ro individuel d&#8217;identification : FR67 750 689 291<\/p>\n\n<p>Directeur de la publication<\/p>\n\n<p>Me Rapha\u00eblle JEANNEL<\/p>\n\n<p>H\u00e9bergeur<\/p>\n\n<p>Soci\u00e9t\u00e9 OVH<br\/>2 rue Kellermann \u2013 59100 Roubaix.<\/p>\n\n<p>Droit applicable<\/p>\n\n<p>Le site www.rj-avocat.com est r\u00e9gi par le droit fran\u00e7ais. Les visiteurs ayant acc\u00e8s au site de l\u2019\u00e9tranger, doivent s\u2019assurer du respect des lois localement applicables. Les mentions l\u00e9gales pouvant \u00eatre modifi\u00e9es \u00e0 tout moment et sans pr\u00e9avis, il est conseill\u00e9 de les consulter r\u00e9guli\u00e8rement. \u200b<\/p>\n\n<p>Recours au m\u00e9diateur de la consomation aupr\u00e8s du Conseil National des Barreaux<\/p>\n\n<p>Conform\u00e9ment aux dispositions des articles L. 612-1 et suivants du Code de la consommation, il est possible, en cas de litige, de recourir gratuitement au M\u00e9diateur de la consommation aupr\u00e8s du Conseil National des Barreaux (CNB) dont les coordonn\u00e9es sont les suivantes :<\/p>\n\n<p>M\u00e9diateur \u00e0 la consommation<br\/>180 boulevard Haussmann<br\/>75008 Paris<\/p>\n\n<p>&gt;&gt; mediateur-conso@mediateur-consommation-avocat.fr<br\/>&gt;&gt; https:\/\/mediateur-consommation-avocat.fr<\/p>\n\n<p>Le m\u00e9diateur de la consommation pour la profession d\u2019avocat est actuellement Carole Pascarel.<\/p>\n\n<p>Informatique et libert\u00e9s<\/p>\n\n<p>En application des articles 13 et 14 du R\u00e8glement europ\u00e9en G\u00e9n\u00e9ral sur la Protection des Donn\u00e9es n\u00b02016\/679 et de la Loi n\u00b078-17 du 6 Janvier 1978 relative \u00e0 l\u2019informatique, aux fichiers et aux libert\u00e9s, le directeur de la publication du site vous informe que :<\/p>\n\n<p>&#8211; les messages \u00e9lectroniques envoy\u00e9s par l\u2019interm\u00e9diaire du site sont conserv\u00e9s pour leur traitement et pendant la dur\u00e9e n\u00e9cessaire \u00e0 leur traitement ;<br\/>&#8211; lors des visites du site, un t\u00e9moin de connexion (cookies) peut s\u2019installer automatiquement sur votre logiciel de navigation. Il s\u2019agit d\u2019un bloc de donn\u00e9es qui n\u2019est pas utilis\u00e9 \u00e0 des fins d\u2019identification mais qui sert \u00e0 enregistrer des informations de navigation sur le site. Il permet des analyses de fr\u00e9quentation, mesures d\u2019audience\u2026 afin d\u2019am\u00e9liorer la qualit\u00e9 du site.<br\/>Il est possible de d\u00e9sactiver les cookies selon les modalit\u00e9s propres au navigateur internet utilis\u00e9.<\/p>\n\n<p>Les droits d\u2019acc\u00e8s, de rectification et d\u2019effacement s\u2019exercent par le simple envoi d\u2019un message \u00e9lectronique \u00e0 l\u2019adresse suivante : contact@rj-avocat.com<\/p>\n\n<p>Il est possible de former une r\u00e9clamation aupr\u00e8s de la CNIL.<\/p>\n","protected":false},"excerpt":{"rendered":"<p>\u00c9diteur du site Ma\u00eetre Rapha\u00eblle JEANNELAvocate au Barreau de Paris 42, rue de Lisbonne75008 Paris T\u00e9l\u00e9phone + 33 (0)6 68 26 79 23Email contact@rj-avocat.comSIREN n\u00b0750 689 291Num\u00e9ro individuel d&#8217;identification : FR67 750 689 291 Directeur de la publication Me Rapha\u00eblle JEANNEL H\u00e9bergeur Soci\u00e9t\u00e9 OVH2 rue Kellermann \u2013 59100 Roubaix. Droit applicable Le site www.rj-avocat.com est [&hellip;]<\/p>\n","protected":false},"author":1,"featured_media":0,"parent":0,"menu_order":0,"comment_status":"closed","ping_status":"closed","template":"","meta":{"_acf_changed":false,"footnotes":""},"class_list":["post-216","page","type-page","status-publish","hentry"],"acf":[],"yoast_head":"<!-- This site is optimized with the Yoast SEO plugin v27.4 - https:\/\/yoast.com\/product\/yoast-seo-wordpress\/ -->\n<title>Mentions l\u00e9gales - Rapha\u00eblle Jeannel<\/title>\n<meta name=\"robots\" content=\"index, follow, max-snippet:-1, max-image-preview:large, max-video-preview:-1\" \/>\n<link rel=\"canonical\" href=\"https:\/\/www.rj-avocat.com\/en\/mentions-legales\/\" \/>\n<meta property=\"og:locale\" content=\"en_US\" \/>\n<meta property=\"og:type\" content=\"article\" \/>\n<meta property=\"og:title\" content=\"Mentions l\u00e9gales - Rapha\u00eblle Jeannel\" \/>\n<meta property=\"og:description\" content=\"\u00c9diteur du site Ma\u00eetre Rapha\u00eblle JEANNELAvocate au Barreau de Paris 42, rue de Lisbonne75008 Paris T\u00e9l\u00e9phone + 33 (0)6 68 26 79 23Email contact@rj-avocat.comSIREN n\u00b0750 689 291Num\u00e9ro individuel d&#8217;identification : FR67 750 689 291 Directeur de la publication Me Rapha\u00eblle JEANNEL H\u00e9bergeur Soci\u00e9t\u00e9 OVH2 rue Kellermann \u2013 59100 Roubaix. Droit applicable Le site www.rj-avocat.com est [&hellip;]\" \/>\n<meta property=\"og:url\" content=\"https:\/\/www.rj-avocat.com\/en\/mentions-legales\/\" \/>\n<meta property=\"og:site_name\" content=\"Rapha\u00eblle Jeannel\" \/>\n<meta property=\"article:modified_time\" content=\"2025-10-13T19:17:12+00:00\" \/>\n<meta name=\"twitter:card\" content=\"summary_large_image\" \/>\n<script type=\"application\/ld+json\" class=\"yoast-schema-graph\">{\"@context\":\"https:\\\/\\\/schema.org\",\"@graph\":[{\"@type\":\"WebPage\",\"@id\":\"https:\\\/\\\/www.rj-avocat.com\\\/en\\\/mentions-legales\\\/\",\"url\":\"https:\\\/\\\/www.rj-avocat.com\\\/en\\\/mentions-legales\\\/\",\"name\":\"Mentions l\u00e9gales - Rapha\u00eblle Jeannel\",\"isPartOf\":{\"@id\":\"https:\\\/\\\/www.rj-avocat.com\\\/en\\\/#website\"},\"datePublished\":\"2025-10-11T09:28:27+00:00\",\"dateModified\":\"2025-10-13T19:17:12+00:00\",\"breadcrumb\":{\"@id\":\"https:\\\/\\\/www.rj-avocat.com\\\/en\\\/mentions-legales\\\/#breadcrumb\"},\"inLanguage\":\"en-US\",\"potentialAction\":[{\"@type\":\"ReadAction\",\"target\":[\"https:\\\/\\\/www.rj-avocat.com\\\/en\\\/mentions-legales\\\/\"]}]},{\"@type\":\"BreadcrumbList\",\"@id\":\"https:\\\/\\\/www.rj-avocat.com\\\/en\\\/mentions-legales\\\/#breadcrumb\",\"itemListElement\":[{\"@type\":\"ListItem\",\"position\":1,\"name\":\"Accueil\",\"item\":\"https:\\\/\\\/www.rj-avocat.com\\\/en\\\/home\\\/\"},{\"@type\":\"ListItem\",\"position\":2,\"name\":\"Mentions l\u00e9gales\"}]},{\"@type\":\"WebSite\",\"@id\":\"https:\\\/\\\/www.rj-avocat.com\\\/en\\\/#website\",\"url\":\"https:\\\/\\\/www.rj-avocat.com\\\/en\\\/\",\"name\":\"Rapha\u00eblle Jeannel\",\"description\":\"Providing support to businesses, communities, associations and individuals in environmental consulting and litigation.\",\"publisher\":{\"@id\":\"https:\\\/\\\/www.rj-avocat.com\\\/en\\\/#organization\"},\"potentialAction\":[{\"@type\":\"SearchAction\",\"target\":{\"@type\":\"EntryPoint\",\"urlTemplate\":\"https:\\\/\\\/www.rj-avocat.com\\\/en\\\/?s={search_term_string}\"},\"query-input\":{\"@type\":\"PropertyValueSpecification\",\"valueRequired\":true,\"valueName\":\"search_term_string\"}}],\"inLanguage\":\"en-US\"},{\"@type\":\"Organization\",\"@id\":\"https:\\\/\\\/www.rj-avocat.com\\\/en\\\/#organization\",\"name\":\"Rapha\u00eblle Jeannel\",\"url\":\"https:\\\/\\\/www.rj-avocat.com\\\/en\\\/\",\"logo\":{\"@type\":\"ImageObject\",\"inLanguage\":\"en-US\",\"@id\":\"https:\\\/\\\/www.rj-avocat.com\\\/en\\\/#\\\/schema\\\/logo\\\/image\\\/\",\"url\":\"https:\\\/\\\/www.rj-avocat.com\\\/wp-content\\\/uploads\\\/2025\\\/10\\\/raphaelle_jeannel-logo.png\",\"contentUrl\":\"https:\\\/\\\/www.rj-avocat.com\\\/wp-content\\\/uploads\\\/2025\\\/10\\\/raphaelle_jeannel-logo.png\",\"width\":372,\"height\":371,\"caption\":\"Rapha\u00eblle Jeannel\"},\"image\":{\"@id\":\"https:\\\/\\\/www.rj-avocat.com\\\/en\\\/#\\\/schema\\\/logo\\\/image\\\/\"}}]}<\/script>\n<!-- \/ Yoast SEO plugin. -->","yoast_head_json":{"title":"Mentions l\u00e9gales - Rapha\u00eblle Jeannel","robots":{"index":"index","follow":"follow","max-snippet":"max-snippet:-1","max-image-preview":"max-image-preview:large","max-video-preview":"max-video-preview:-1"},"canonical":"https:\/\/www.rj-avocat.com\/en\/mentions-legales\/","og_locale":"en_US","og_type":"article","og_title":"Mentions l\u00e9gales - Rapha\u00eblle Jeannel","og_description":"\u00c9diteur du site Ma\u00eetre Rapha\u00eblle JEANNELAvocate au Barreau de Paris 42, rue de Lisbonne75008 Paris T\u00e9l\u00e9phone + 33 (0)6 68 26 79 23Email contact@rj-avocat.comSIREN n\u00b0750 689 291Num\u00e9ro individuel d&#8217;identification : FR67 750 689 291 Directeur de la publication Me Rapha\u00eblle JEANNEL H\u00e9bergeur Soci\u00e9t\u00e9 OVH2 rue Kellermann \u2013 59100 Roubaix. Droit applicable Le site www.rj-avocat.com est [&hellip;]","og_url":"https:\/\/www.rj-avocat.com\/en\/mentions-legales\/","og_site_name":"Rapha\u00eblle Jeannel","article_modified_time":"2025-10-13T19:17:12+00:00","twitter_card":"summary_large_image","schema":{"@context":"https:\/\/schema.org","@graph":[{"@type":"WebPage","@id":"https:\/\/www.rj-avocat.com\/en\/mentions-legales\/","url":"https:\/\/www.rj-avocat.com\/en\/mentions-legales\/","name":"Mentions l\u00e9gales - Rapha\u00eblle Jeannel","isPartOf":{"@id":"https:\/\/www.rj-avocat.com\/en\/#website"},"datePublished":"2025-10-11T09:28:27+00:00","dateModified":"2025-10-13T19:17:12+00:00","breadcrumb":{"@id":"https:\/\/www.rj-avocat.com\/en\/mentions-legales\/#breadcrumb"},"inLanguage":"en-US","potentialAction":[{"@type":"ReadAction","target":["https:\/\/www.rj-avocat.com\/en\/mentions-legales\/"]}]},{"@type":"BreadcrumbList","@id":"https:\/\/www.rj-avocat.com\/en\/mentions-legales\/#breadcrumb","itemListElement":[{"@type":"ListItem","position":1,"name":"Accueil","item":"https:\/\/www.rj-avocat.com\/en\/home\/"},{"@type":"ListItem","position":2,"name":"Mentions l\u00e9gales"}]},{"@type":"WebSite","@id":"https:\/\/www.rj-avocat.com\/en\/#website","url":"https:\/\/www.rj-avocat.com\/en\/","name":"Rapha\u00eblle Jeannel","description":"Providing support to businesses, communities, associations and individuals in environmental consulting and litigation.","publisher":{"@id":"https:\/\/www.rj-avocat.com\/en\/#organization"},"potentialAction":[{"@type":"SearchAction","target":{"@type":"EntryPoint","urlTemplate":"https:\/\/www.rj-avocat.com\/en\/?s={search_term_string}"},"query-input":{"@type":"PropertyValueSpecification","valueRequired":true,"valueName":"search_term_string"}}],"inLanguage":"en-US"},{"@type":"Organization","@id":"https:\/\/www.rj-avocat.com\/en\/#organization","name":"Rapha\u00eblle Jeannel","url":"https:\/\/www.rj-avocat.com\/en\/","logo":{"@type":"ImageObject","inLanguage":"en-US","@id":"https:\/\/www.rj-avocat.com\/en\/#\/schema\/logo\/image\/","url":"https:\/\/www.rj-avocat.com\/wp-content\/uploads\/2025\/10\/raphaelle_jeannel-logo.png","contentUrl":"https:\/\/www.rj-avocat.com\/wp-content\/uploads\/2025\/10\/raphaelle_jeannel-logo.png","width":372,"height":371,"caption":"Rapha\u00eblle Jeannel"},"image":{"@id":"https:\/\/www.rj-avocat.com\/en\/#\/schema\/logo\/image\/"}}]}},"_links":{"self":[{"href":"https:\/\/www.rj-avocat.com\/en\/wp-json\/wp\/v2\/pages\/216","targetHints":{"allow":["GET"]}}],"collection":[{"href":"https:\/\/www.rj-avocat.com\/en\/wp-json\/wp\/v2\/pages"}],"about":[{"href":"https:\/\/www.rj-avocat.com\/en\/wp-json\/wp\/v2\/types\/page"}],"author":[{"embeddable":true,"href":"https:\/\/www.rj-avocat.com\/en\/wp-json\/wp\/v2\/users\/1"}],"replies":[{"embeddable":true,"href":"https:\/\/www.rj-avocat.com\/en\/wp-json\/wp\/v2\/comments?post=216"}],"version-history":[{"count":1,"href":"https:\/\/www.rj-avocat.com\/en\/wp-json\/wp\/v2\/pages\/216\/revisions"}],"predecessor-version":[{"id":217,"href":"https:\/\/www.rj-avocat.com\/en\/wp-json\/wp\/v2\/pages\/216\/revisions\/217"}],"wp:attachment":[{"href":"https:\/\/www.rj-avocat.com\/en\/wp-json\/wp\/v2\/media?parent=216"}],"curies":[{"name":"wp","href":"https:\/\/api.w.org\/{rel}","templated":true}]}}